{"id":9674,"date":"2024-05-02T12:51:31","date_gmt":"2024-05-02T12:51:31","guid":{"rendered":"https:\/\/www.galerie-oia.fr\/?page_id=9674"},"modified":"2024-05-02T21:05:27","modified_gmt":"2024-05-02T21:05:27","slug":"services","status":"publish","type":"page","link":"https:\/\/www.galerie-oia.fr\/en\/services\/","title":{"rendered":"Services"},"content":{"rendered":"\t\t<div data-elementor-type=\"wp-page\" data-elementor-id=\"9674\" class=\"elementor elementor-9674 elementor-9346\" data-elementor-post-type=\"page\">\n\t\t\t\t\t\t<section class=\"elementor-section elementor-top-section elementor-element elementor-element-65428f8 elementor-section-boxed elementor-section-height-default elementor-section-height-default\" data-id=\"65428f8\" data-element_type=\"section\" data-e-type=\"section\" data-settings=\"{&quot;jet_parallax_layout_list&quot;:[]}\">\n\t\t\t\t\t\t<div class=\"elementor-container elementor-column-gap-default\">\n\t\t\t\t\t<div class=\"elementor-column elementor-col-100 elementor-top-column elementor-element elementor-element-ca8a9b0\" data-id=\"ca8a9b0\" data-element_type=\"column\" data-e-type=\"column\">\n\t\t\t<div class=\"elementor-widget-wrap elementor-element-populated\">\n\t\t\t\t\t\t<div class=\"elementor-element elementor-element-76afebb elementor-invisible elementor-widget elementor-widget-heading\" data-id=\"76afebb\" data-element_type=\"widget\" data-e-type=\"widget\" data-settings=\"{&quot;_animation&quot;:&quot;fadeIn&quot;}\" data-widget_type=\"heading.default\">\n\t\t\t\t<div class=\"elementor-widget-container\">\n\t\t\t\t\t<h1 class=\"elementor-heading-title elementor-size-default\">SERVICES<\/h1>\t\t\t\t<\/div>\n\t\t\t\t<\/div>\n\t\t\t\t<div class=\"elementor-element elementor-element-0a1da36 onglet_ancre elementor-invisible elementor-widget elementor-widget-text-editor\" data-id=\"0a1da36\" data-element_type=\"widget\" data-e-type=\"widget\" data-settings=\"{&quot;_animation&quot;:&quot;fadeIn&quot;}\" data-widget_type=\"text-editor.default\">\n\t\t\t\t<div class=\"elementor-widget-container\">\n\t\t\t\t\t\t\t\t\t<p><a href=\"#service1\"><span style=\"color: #00274a;\">Art Hunter<\/span><\/a> <strong> | <\/strong> <a href=\"#service2\"><span style=\"color: #00274a;\"> Leasing <\/span><\/a> <\/p>\n\t\t\t\t\t\t\t\t<\/div>\n\t\t\t\t<\/div>\n\t\t\t\t<section class=\"elementor-section elementor-inner-section elementor-element elementor-element-3321c69 elementor-section-full_width elementor-section-height-default elementor-section-height-default\" data-id=\"3321c69\" data-element_type=\"section\" data-e-type=\"section\" id=\"service1\" data-settings=\"{&quot;jet_parallax_layout_list&quot;:[],&quot;background_background&quot;:&quot;classic&quot;}\">\n\t\t\t\t\t\t<div class=\"elementor-container elementor-column-gap-no\">\n\t\t\t\t\t<div class=\"elementor-column elementor-col-100 elementor-inner-column elementor-element elementor-element-3590641\" data-id=\"3590641\" data-element_type=\"column\" data-e-type=\"column\">\n\t\t\t<div class=\"elementor-widget-wrap elementor-element-populated\">\n\t\t\t\t\t\t<div class=\"elementor-element elementor-element-66db74c elementor-invisible elementor-widget elementor-widget-heading\" data-id=\"66db74c\" data-element_type=\"widget\" data-e-type=\"widget\" data-settings=\"{&quot;_animation&quot;:&quot;fadeIn&quot;}\" data-widget_type=\"heading.default\">\n\t\t\t\t<div class=\"elementor-widget-container\">\n\t\t\t\t\t<h3 class=\"elementor-heading-title elementor-size-default\">Brokerage : The \"Art Hunter\"<\/h3>\t\t\t\t<\/div>\n\t\t\t\t<\/div>\n\t\t\t\t<div class=\"elementor-element elementor-element-2c9806f elementor-widget elementor-widget-text-editor\" data-id=\"2c9806f\" data-element_type=\"widget\" data-e-type=\"widget\" data-widget_type=\"text-editor.default\">\n\t\t\t\t<div class=\"elementor-widget-container\">\n\t\t\t\t\t\t\t\t\t<p>Using an art hunter offers collectors and art enthusiasts privileged access to exceptional works, as well as professional and specialized support throughout the process of acquiring a unique piece or managing their collection.<\/p>\n<p>The brokerage service is for you:<\/p>\n<ul>\n<li>Personalized research thanks to attentive listening and discussions to define the artist, the movement or even the criteria of format, colors, subject, techniques, budget, etc.<\/li>\n<li>Adapted advice for choosing your future work<\/li>\n<li>The assurance of discretion and your best interest thanks to an effective intermediary to negotiate and represent you.<\/li>\n<li>Administrative formalities and logistical matters managed by professionals.<\/li>\n<\/ul>\n<p>The art hunter service is charged 15% of the price of the work (transport costs, customs and placing on a stretcher included) with a minimum of \u20ac150.<\/p><\/p>\n\t\t\t\t\t\t\t\t<\/div>\n\t\t\t\t<\/div>\n\t\t\t\t\t<\/div>\n\t\t<\/div>\n\t\t\t\t\t<\/div>\n\t\t<\/section>\n\t\t\t\t<section class=\"elementor-section elementor-inner-section elementor-element elementor-element-5402383 elementor-section-full_width elementor-section-height-default elementor-section-height-default\" data-id=\"5402383\" data-element_type=\"section\" data-e-type=\"section\" id=\"service2\" data-settings=\"{&quot;jet_parallax_layout_list&quot;:[],&quot;background_background&quot;:&quot;classic&quot;}\">\n\t\t\t\t\t\t<div class=\"elementor-container elementor-column-gap-no\">\n\t\t\t\t\t<div class=\"elementor-column elementor-col-100 elementor-inner-column elementor-element elementor-element-8bd273e\" data-id=\"8bd273e\" data-element_type=\"column\" data-e-type=\"column\">\n\t\t\t<div class=\"elementor-widget-wrap elementor-element-populated\">\n\t\t\t\t\t\t<div class=\"elementor-element elementor-element-dd32f00 elementor-invisible elementor-widget elementor-widget-heading\" data-id=\"dd32f00\" data-element_type=\"widget\" data-e-type=\"widget\" data-settings=\"{&quot;_animation&quot;:&quot;fadeIn&quot;}\" data-widget_type=\"heading.default\">\n\t\t\t\t<div class=\"elementor-widget-container\">\n\t\t\t\t\t<h3 class=\"elementor-heading-title elementor-size-default\">Leasing, Financing and tax exemption<\/h3>\t\t\t\t<\/div>\n\t\t\t\t<\/div>\n\t\t\t\t<div class=\"elementor-element elementor-element-396cfad elementor-widget elementor-widget-text-editor\" data-id=\"396cfad\" data-element_type=\"widget\" data-e-type=\"widget\" data-widget_type=\"text-editor.default\">\n\t\t\t\t<div class=\"elementor-widget-container\">\n\t\t\t\t\t\t\t\t\t\n<p>The LOA &#8211; Rental with purchase option is an advantageous acquisition solution for French businesses and liberal professions.<\/p>\n<p><\/p>\n<p>Rents, the duration of which is defined in advance with our partner, are recorded as expenses deductible from net profit for the decoration and layout of the offices.<\/p>\n<p><\/p>\n<p>At the end of this period, the purchase option is free and allows the acquisition at the residual value of the work.<\/p>\n\t\t\t\t\t\t\t\t<\/div>\n\t\t\t\t<\/div>\n\t\t\t\t\t<\/div>\n\t\t<\/div>\n\t\t\t\t\t<\/div>\n\t\t<\/section>\n\t\t\t\t\t<\/div>\n\t\t<\/div>\n\t\t\t\t\t<\/div>\n\t\t<\/section>\n\t\t\t\t<\/div>\n\t\t","protected":false},"excerpt":{"rendered":"<p>SERVICES Art Hunter | Leasing Brokerage : The &#8220;Art Hunter&#8221; Using an art hunter offers collectors and art enthusiasts privileged access to exceptional works, as well as professional and specialized support throughout the process of acquiring a unique piece or managing their collection. The brokerage service is for you: Personalized research thanks to attentive listening [&hellip;]<\/p>\n","protected":false},"author":3,"featured_media":0,"parent":0,"menu_order":0,"comment_status":"closed","ping_status":"closed","template":"","meta":{"footnotes":""},"class_list":["post-9674","page","type-page","status-publish","hentry"],"yoast_head":"<!-- This site is optimized with the Yoast SEO plugin v27.4 - https:\/\/yoast.com\/product\/yoast-seo-wordpress\/ -->\n<title>Services - Galerie Oia<\/title>\n<meta name=\"robots\" content=\"index, follow, max-snippet:-1, max-image-preview:large, max-video-preview:-1\" \/>\n<link rel=\"canonical\" href=\"https:\/\/www.galerie-oia.fr\/en\/services\/\" \/>\n<meta property=\"og:locale\" content=\"en_US\" \/>\n<meta property=\"og:type\" content=\"article\" \/>\n<meta property=\"og:title\" content=\"Services - Galerie Oia\" \/>\n<meta property=\"og:description\" content=\"SERVICES Art Hunter | Leasing Brokerage : The &#8220;Art Hunter&#8221; Using an art hunter offers collectors and art enthusiasts privileged access to exceptional works, as well as professional and specialized support throughout the process of acquiring a unique piece or managing their collection. The brokerage service is for you: Personalized research thanks to attentive listening [&hellip;]\" \/>\n<meta property=\"og:url\" content=\"https:\/\/www.galerie-oia.fr\/en\/services\/\" \/>\n<meta property=\"og:site_name\" content=\"Galerie Oia\" \/>\n<meta property=\"article:modified_time\" content=\"2024-05-02T21:05:27+00:00\" \/>\n<meta name=\"twitter:card\" content=\"summary_large_image\" \/>\n<meta name=\"twitter:label1\" content=\"Est. reading time\" \/>\n\t<meta name=\"twitter:data1\" content=\"1 minute\" \/>\n<script type=\"application\/ld+json\" class=\"yoast-schema-graph\">{\"@context\":\"https:\\\/\\\/schema.org\",\"@graph\":[{\"@type\":\"WebPage\",\"@id\":\"https:\\\/\\\/www.galerie-oia.fr\\\/en\\\/services\\\/\",\"url\":\"https:\\\/\\\/www.galerie-oia.fr\\\/en\\\/services\\\/\",\"name\":\"Services - Galerie Oia\",\"isPartOf\":{\"@id\":\"https:\\\/\\\/www.galerie-oia.fr\\\/#website\"},\"datePublished\":\"2024-05-02T12:51:31+00:00\",\"dateModified\":\"2024-05-02T21:05:27+00:00\",\"breadcrumb\":{\"@id\":\"https:\\\/\\\/www.galerie-oia.fr\\\/en\\\/services\\\/#breadcrumb\"},\"inLanguage\":\"en-US\",\"potentialAction\":[{\"@type\":\"ReadAction\",\"target\":[\"https:\\\/\\\/www.galerie-oia.fr\\\/en\\\/services\\\/\"]}]},{\"@type\":\"BreadcrumbList\",\"@id\":\"https:\\\/\\\/www.galerie-oia.fr\\\/en\\\/services\\\/#breadcrumb\",\"itemListElement\":[{\"@type\":\"ListItem\",\"position\":1,\"name\":\"Accueil\",\"item\":\"https:\\\/\\\/www.galerie-oia.fr\\\/\"},{\"@type\":\"ListItem\",\"position\":2,\"name\":\"Services\"}]},{\"@type\":\"WebSite\",\"@id\":\"https:\\\/\\\/www.galerie-oia.fr\\\/#website\",\"url\":\"https:\\\/\\\/www.galerie-oia.fr\\\/\",\"name\":\"Galerie Oia\",\"description\":\"L&#039;art \u00e0 la crois\u00e9e de l&#039;Europe, l&#039;Orient, l&#039;Oc\u00e9an Indien et l&#039;Asie\",\"publisher\":{\"@id\":\"https:\\\/\\\/www.galerie-oia.fr\\\/#organization\"},\"potentialAction\":[{\"@type\":\"SearchAction\",\"target\":{\"@type\":\"EntryPoint\",\"urlTemplate\":\"https:\\\/\\\/www.galerie-oia.fr\\\/?s={search_term_string}\"},\"query-input\":{\"@type\":\"PropertyValueSpecification\",\"valueRequired\":true,\"valueName\":\"search_term_string\"}}],\"inLanguage\":\"en-US\"},{\"@type\":\"Organization\",\"@id\":\"https:\\\/\\\/www.galerie-oia.fr\\\/#organization\",\"name\":\"Galerie Oia\",\"url\":\"https:\\\/\\\/www.galerie-oia.fr\\\/\",\"logo\":{\"@type\":\"ImageObject\",\"inLanguage\":\"en-US\",\"@id\":\"https:\\\/\\\/www.galerie-oia.fr\\\/#\\\/schema\\\/logo\\\/image\\\/\",\"url\":\"https:\\\/\\\/www.galerie-oia.fr\\\/wp-content\\\/uploads\\\/2023\\\/09\\\/cropped-2023_GALERIE-OIA_OK_Ocean_RVB.png\",\"contentUrl\":\"https:\\\/\\\/www.galerie-oia.fr\\\/wp-content\\\/uploads\\\/2023\\\/09\\\/cropped-2023_GALERIE-OIA_OK_Ocean_RVB.png\",\"width\":1183,\"height\":653,\"caption\":\"Galerie Oia\"},\"image\":{\"@id\":\"https:\\\/\\\/www.galerie-oia.fr\\\/#\\\/schema\\\/logo\\\/image\\\/\"}}]}<\/script>\n<!-- \/ Yoast SEO plugin. -->","yoast_head_json":{"title":"Services - Galerie Oia","robots":{"index":"index","follow":"follow","max-snippet":"max-snippet:-1","max-image-preview":"max-image-preview:large","max-video-preview":"max-video-preview:-1"},"canonical":"https:\/\/www.galerie-oia.fr\/en\/services\/","og_locale":"en_US","og_type":"article","og_title":"Services - Galerie Oia","og_description":"SERVICES Art Hunter | Leasing Brokerage : The &#8220;Art Hunter&#8221; Using an art hunter offers collectors and art enthusiasts privileged access to exceptional works, as well as professional and specialized support throughout the process of acquiring a unique piece or managing their collection. The brokerage service is for you: Personalized research thanks to attentive listening [&hellip;]","og_url":"https:\/\/www.galerie-oia.fr\/en\/services\/","og_site_name":"Galerie Oia","article_modified_time":"2024-05-02T21:05:27+00:00","twitter_card":"summary_large_image","twitter_misc":{"Est. reading time":"1 minute"},"schema":{"@context":"https:\/\/schema.org","@graph":[{"@type":"WebPage","@id":"https:\/\/www.galerie-oia.fr\/en\/services\/","url":"https:\/\/www.galerie-oia.fr\/en\/services\/","name":"Services - Galerie Oia","isPartOf":{"@id":"https:\/\/www.galerie-oia.fr\/#website"},"datePublished":"2024-05-02T12:51:31+00:00","dateModified":"2024-05-02T21:05:27+00:00","breadcrumb":{"@id":"https:\/\/www.galerie-oia.fr\/en\/services\/#breadcrumb"},"inLanguage":"en-US","potentialAction":[{"@type":"ReadAction","target":["https:\/\/www.galerie-oia.fr\/en\/services\/"]}]},{"@type":"BreadcrumbList","@id":"https:\/\/www.galerie-oia.fr\/en\/services\/#breadcrumb","itemListElement":[{"@type":"ListItem","position":1,"name":"Accueil","item":"https:\/\/www.galerie-oia.fr\/"},{"@type":"ListItem","position":2,"name":"Services"}]},{"@type":"WebSite","@id":"https:\/\/www.galerie-oia.fr\/#website","url":"https:\/\/www.galerie-oia.fr\/","name":"Galerie Oia","description":"L&#039;art \u00e0 la crois\u00e9e de l&#039;Europe, l&#039;Orient, l&#039;Oc\u00e9an Indien et l&#039;Asie","publisher":{"@id":"https:\/\/www.galerie-oia.fr\/#organization"},"potentialAction":[{"@type":"SearchAction","target":{"@type":"EntryPoint","urlTemplate":"https:\/\/www.galerie-oia.fr\/?s={search_term_string}"},"query-input":{"@type":"PropertyValueSpecification","valueRequired":true,"valueName":"search_term_string"}}],"inLanguage":"en-US"},{"@type":"Organization","@id":"https:\/\/www.galerie-oia.fr\/#organization","name":"Galerie Oia","url":"https:\/\/www.galerie-oia.fr\/","logo":{"@type":"ImageObject","inLanguage":"en-US","@id":"https:\/\/www.galerie-oia.fr\/#\/schema\/logo\/image\/","url":"https:\/\/www.galerie-oia.fr\/wp-content\/uploads\/2023\/09\/cropped-2023_GALERIE-OIA_OK_Ocean_RVB.png","contentUrl":"https:\/\/www.galerie-oia.fr\/wp-content\/uploads\/2023\/09\/cropped-2023_GALERIE-OIA_OK_Ocean_RVB.png","width":1183,"height":653,"caption":"Galerie Oia"},"image":{"@id":"https:\/\/www.galerie-oia.fr\/#\/schema\/logo\/image\/"}}]}},"_links":{"self":[{"href":"https:\/\/www.galerie-oia.fr\/en\/wp-json\/wp\/v2\/pages\/9674","targetHints":{"allow":["GET"]}}],"collection":[{"href":"https:\/\/www.galerie-oia.fr\/en\/wp-json\/wp\/v2\/pages"}],"about":[{"href":"https:\/\/www.galerie-oia.fr\/en\/wp-json\/wp\/v2\/types\/page"}],"author":[{"embeddable":true,"href":"https:\/\/www.galerie-oia.fr\/en\/wp-json\/wp\/v2\/users\/3"}],"replies":[{"embeddable":true,"href":"https:\/\/www.galerie-oia.fr\/en\/wp-json\/wp\/v2\/comments?post=9674"}],"version-history":[{"count":4,"href":"https:\/\/www.galerie-oia.fr\/en\/wp-json\/wp\/v2\/pages\/9674\/revisions"}],"predecessor-version":[{"id":9694,"href":"https:\/\/www.galerie-oia.fr\/en\/wp-json\/wp\/v2\/pages\/9674\/revisions\/9694"}],"wp:attachment":[{"href":"https:\/\/www.galerie-oia.fr\/en\/wp-json\/wp\/v2\/media?parent=9674"}],"curies":[{"name":"wp","href":"https:\/\/api.w.org\/{rel}","templated":true}]}}